{"id":393,"date":"2025-07-30T15:04:57","date_gmt":"2025-07-30T20:04:57","guid":{"rendered":"https:\/\/dev.construteka.pe\/?page_id=393"},"modified":"2025-08-14T18:19:48","modified_gmt":"2025-08-14T23:19:48","slug":"nosotros","status":"publish","type":"page","link":"https:\/\/www.construteka.pe\/?page_id=393","title":{"rendered":"Nosotros"},"content":{"rendered":"\t\t<div data-elementor-type=\"wp-page\" data-elementor-id=\"393\" class=\"elementor elementor-393\">\n\t\t\t\t<div class=\"elementor-element elementor-element-fa5df67 e-flex e-con-boxed wpr-particle-no wpr-jarallax-no wpr-parallax-no wpr-sticky-section-no e-con e-parent\" data-id=\"fa5df67\" data-element_type=\"container\">\n\t\t\t\t\t<div class=\"e-con-inner\">\n\t\t\t\t\t<\/div>\n\t\t\t\t<\/div>\n\t\t<div class=\"elementor-element elementor-element-fa78069 e-flex e-con-boxed wpr-particle-no wpr-jarallax-no wpr-parallax-no wpr-sticky-section-no e-con e-parent\" data-id=\"fa78069\" data-element_type=\"container\">\n\t\t\t\t\t<div class=\"e-con-inner\">\n\t\t\t\t<div class=\"elementor-element elementor-element-37e5913 elementor-widget elementor-widget-html\" data-id=\"37e5913\" data-element_type=\"widget\" data-widget_type=\"html.default\">\n\t\t\t\t<div class=\"elementor-widget-container\">\n\t\t\t\t\t<div style=\"max-width: 1200px; margin: auto; padding: 40px 20px; font-family: 'Poppins', sans-serif; color: #333; background-color: #f9f9f9;\">\r\n  <h2 style=\"text-align: center; font-size: 36px; margin-bottom: 20px; color: #FF8C00; font-weight: bold;\">Nuestro equipo<\/h2>\r\n  <p style=\"text-align: center; max-width: 800px; margin: auto; font-size: 15px; color: #555; line-height: 1.6;\">\r\n    En Construteka contamos con un equipo multidisciplinario comprometido con la excelencia y la innovaci\u00f3n. \r\n    Nuestra experiencia colectiva garantiza soluciones eficientes y creativas para cada proyecto.\r\n  <\/p>\r\n\r\n  <div style=\"display: flex; flex-wrap: wrap; justify-content: center; gap: 30px; margin-top: 40px;\">\r\n    \r\n    <!-- Carlos Silva -->\r\n    <div style=\"background: white; border-radius: 12px; box-shadow: 0 4px 10px rgba(0,0,0,0.1); overflow: hidden; width: 300px;\">\r\n      <img decoding=\"async\" src=\"https:\/\/www.construteka.pe\/wp-content\/uploads\/2025\/08\/equipo-construteka_0005_Capa-1.jpg\" style=\"width: 100%; height: 336px; object-fit: cover; filter: grayscale(100%); transition: 0.3s;\" onmouseover=\"this.style.filter='none'\" onmouseout=\"this.style.filter='grayscale(100%)'\">\r\n      <div style=\"padding: 20px; text-align: center;\">\r\n        <h3 style=\"color: #FF8C00; font-size: 18px; margin-bottom: 5px;\">Carlos Silva<\/h3>\r\n        <p style=\"font-weight: bold; font-size: 13px; color: #555; margin-bottom: 10px;\">Arquitecto \u2013 Socio Fundador<\/p>\r\n        <p style=\"font-size: 13px; color: #666;\">M\u00e1s de 12 a\u00f1os liderando proyectos de construcci\u00f3n con precisi\u00f3n t\u00e9cnica y compromiso. Especialista en direcci\u00f3n estrat\u00e9gica, egresado de la Maestr\u00eda en Direcci\u00f3n de la Construcci\u00f3n por la UPC.<\/p>\r\n      <\/div>\r\n    <\/div>\r\n\r\n    <!-- Pamela Higa -->\r\n    <div style=\"background: white; border-radius: 12px; box-shadow: 0 4px 10px rgba(0,0,0,0.1); overflow: hidden; width: 300px;\">\r\n      <img decoding=\"async\" src=\"https:\/\/www.construteka.pe\/wp-content\/uploads\/2025\/08\/equipo-construteka_0004_Capa-2.jpg\" style=\"width: 100%; height: 336px; object-fit: cover; filter: grayscale(100%); transition: 0.3s;\" onmouseover=\"this.style.filter='none'\" onmouseout=\"this.style.filter='grayscale(100%)'\">\r\n      <div style=\"padding: 20px; text-align: center;\">\r\n        <h3 style=\"color: #FF8C00; font-size: 18px; margin-bottom: 5px;\">Pamela Higa<\/h3>\r\n        <p style=\"font-weight: bold; font-size: 13px; color: #555; margin-bottom: 10px;\">Arquitecta \u2013 Especialista en Tecnolog\u00eda y Gesti\u00f3n<\/p>\r\n        <p style=\"font-size: 13px; color: #666;\">Arquitecta PUCP con Maestr\u00eda en Ingenier\u00eda de la Computaci\u00f3n en Jap\u00f3n. Integra visi\u00f3n arquitect\u00f3nica y tecnolog\u00eda para liderar proyectos desde concepto hasta ejecuci\u00f3n.<\/p>\r\n      <\/div>\r\n    <\/div>\r\n\r\n    <!-- Debora Cavero -->\r\n    <div style=\"background: white; border-radius: 12px; box-shadow: 0 4px 10px rgba(0,0,0,0.1); overflow: hidden; width: 300px;\">\r\n      <img decoding=\"async\" src=\"https:\/\/www.construteka.pe\/wp-content\/uploads\/2025\/08\/equipo-construteka_0003_Relleno-generativo-2.jpg\" style=\"width: 100%; height: 336px; object-fit: cover; filter: grayscale(100%); transition: 0.3s;\" onmouseover=\"this.style.filter='none'\" onmouseout=\"this.style.filter='grayscale(100%)'\">\r\n      <div style=\"padding: 20px; text-align: center;\">\r\n        <h3 style=\"color: #FF8C00; font-size: 18px; margin-bottom: 5px;\">Debora Cavero<\/h3>\r\n        <p style=\"font-weight: bold; font-size: 13px; color: #555; margin-bottom: 10px;\">Dise\u00f1adora de Interiores<\/p>\r\n        <p style=\"font-size: 13px; color: #666;\">Egresada de la UPC, con 4 a\u00f1os desarrollando proyectos residenciales y corporativos. Combina creatividad y funcionalidad para crear espacios \u00fanicos y atractivos.<\/p>\r\n      <\/div>\r\n    <\/div>\r\n\r\n    <!-- Jes\u00fas Izarra -->\r\n    <div style=\"background: white; border-radius: 12px; box-shadow: 0 4px 10px rgba(0,0,0,0.1); overflow: hidden; width: 300px;\">\r\n      <img decoding=\"async\" src=\"https:\/\/www.construteka.pe\/wp-content\/uploads\/2025\/08\/equipo-construteka_0005_Capa-1.jpg\" style=\"width: 100%; height: 336px; object-fit: cover; filter: grayscale(100%); transition: 0.3s;\" onmouseover=\"this.style.filter='none'\" onmouseout=\"this.style.filter='grayscale(100%)'\">\r\n      <div style=\"padding: 20px; text-align: center;\">\r\n        <h3 style=\"color: #FF8C00; font-size: 18px; margin-bottom: 5px;\">Jes\u00fas Izarra<\/h3>\r\n        <p style=\"font-weight: bold; font-size: 13px; color: #555; margin-bottom: 10px;\">Arquitecto \u2013 Especialista en Supervisi\u00f3n<\/p>\r\n        <p style=\"font-size: 13px; color: #666;\">Arquitecto UCV con m\u00e1s de 4 a\u00f1os supervisando obras y elaborando expedientes t\u00e9cnicos. Experto en arquitectura, estructuras e instalaciones.<\/p>\r\n      <\/div>\r\n    <\/div>\r\n\r\n    <!-- Johan Dulanto -->\r\n    <div style=\"background: white; border-radius: 12px; box-shadow: 0 4px 10px rgba(0,0,0,0.1); overflow: hidden; width: 300px;\">\r\n      <img decoding=\"async\" src=\"https:\/\/www.construteka.pe\/wp-content\/uploads\/2025\/08\/equipo-construteka_0001_Capa-5.jpg\" style=\"width: 100%; height: 336px; object-fit: cover; filter: grayscale(100%); transition: 0.3s;\" onmouseover=\"this.style.filter='none'\" onmouseout=\"this.style.filter='grayscale(100%)'\">\r\n      <div style=\"padding: 20px; text-align: center;\">\r\n        <h3 style=\"color: #FF8C00; font-size: 18px; margin-bottom: 5px;\">Johan Dulanto<\/h3>\r\n        <p style=\"font-weight: bold; font-size: 13px; color: #555; margin-bottom: 10px;\">Asistente de Marketing<\/p>\r\n        <p style=\"font-size: 13px; color: #666;\">Bachiller en Comunicaciones, responsable de la producci\u00f3n audiovisual y estrategias digitales para fortalecer la imagen y presencia de Construteka.<\/p>\r\n      <\/div>\r\n    <\/div>\r\n\r\n    <!-- Valentino Villanueva -->\r\n    <div style=\"background: white; border-radius: 12px; box-shadow: 0 4px 10px rgba(0,0,0,0.1); overflow: hidden; width: 300px;\">\r\n      <img decoding=\"async\" src=\"https:\/\/www.construteka.pe\/wp-content\/uploads\/2025\/08\/equipo-construteka_0002_Capa-4.jpg\" style=\"width: 100%; height: 336px; object-fit: cover; filter: grayscale(100%); transition: 0.3s;\" onmouseover=\"this.style.filter='none'\" onmouseout=\"this.style.filter='grayscale(100%)'\">\r\n      <div style=\"padding: 20px; text-align: center;\">\r\n        <h3 style=\"color: #FF8C00; font-size: 18px; margin-bottom: 5px;\">Valentino Villanueva Justino<\/h3>\r\n        <p style=\"font-weight: bold; font-size: 13px; color: #555; margin-bottom: 10px;\">Practicante \u2013 \u00c1rea Administrativa<\/p>\r\n        <p style=\"font-size: 13px; color: #666;\">Estudiante de Econom\u00eda en la Universidad de Lima. Apoya la gesti\u00f3n administrativa y el an\u00e1lisis de datos en proyectos corporativos.<\/p>\r\n      <\/div>\r\n    <\/div>\r\n\r\n  <\/div>\r\n<\/div>\r\n\t\t\t\t<\/div>\n\t\t\t\t<\/div>\n\t\t\t\t\t<\/div>\n\t\t\t\t<\/div>\n\t\t\t\t<\/div>\n\t\t","protected":false},"excerpt":{"rendered":"<p>Nuestro equipo En Construteka contamos con un equipo multidisciplinario comprometido con la excelencia y la innovaci\u00f3n. Nuestra experiencia colectiva garantiza soluciones eficientes y creativas para cada proyecto. Carlos Silva Arquitecto \u2013 Socio Fundador M\u00e1s de 12 a\u00f1os liderando proyectos de construcci\u00f3n con precisi\u00f3n t\u00e9cnica y compromiso. Especialista en direcci\u00f3n estrat\u00e9gica, egresado de la Maestr\u00eda en Direcci\u00f3n de la Construcci\u00f3n por la UPC. Pamela Higa Arquitecta \u2013 Especialista en Tecnolog\u00eda y Gesti\u00f3n Arquitecta PUCP con Maestr\u00eda en Ingenier\u00eda de la Computaci\u00f3n en Jap\u00f3n. Integra visi\u00f3n arquitect\u00f3nica y tecnolog\u00eda para liderar proyectos desde concepto hasta ejecuci\u00f3n. Debora Cavero Dise\u00f1adora de Interiores Egresada de la UPC, con 4 a\u00f1os desarrollando proyectos residenciales y corporativos. Combina creatividad y funcionalidad para crear espacios \u00fanicos y atractivos. Jes\u00fas Izarra Arquitecto \u2013 Especialista en Supervisi\u00f3n Arquitecto UCV con m\u00e1s de 4 a\u00f1os supervisando obras y elaborando expedientes t\u00e9cnicos. Experto en arquitectura, estructuras e instalaciones. Johan Dulanto Asistente de Marketing Bachiller en Comunicaciones, responsable de la producci\u00f3n audiovisual y estrategias digitales para fortalecer la imagen y presencia de Construteka. Valentino Villanueva Justino Practicante \u2013 \u00c1rea Administrativa Estudiante de Econom\u00eda en la Universidad de Lima. Apoya la gesti\u00f3n administrativa y el an\u00e1lisis de datos en proyectos corporativos.<\/p>\n","protected":false},"author":1,"featured_media":0,"parent":0,"menu_order":0,"comment_status":"closed","ping_status":"closed","template":"","meta":{"site-sidebar-layout":"no-sidebar","site-content-layout":"","ast-site-content-layout":"full-width-container","site-content-style":"default","site-sidebar-style":"default","ast-global-header-display":"","ast-banner-title-visibility":"","ast-main-header-display":"","ast-hfb-above-header-display":"","ast-hfb-below-header-display":"","ast-hfb-mobile-header-display":"","site-post-title":"disabled","ast-breadcrumbs-content":"","ast-featured-img":"disabled","footer-sml-layout":"","theme-transparent-header-meta":"","adv-header-id-meta":"","stick-header-meta":"","header-above-stick-meta":"","header-main-stick-meta":"","header-below-stick-meta":"","astra-migrate-meta-layouts":"default","ast-page-background-enabled":"default","ast-page-background-meta":{"desktop":{"background-color":"var(--ast-global-color-5)","background-image":"","background-repeat":"repeat","background-position":"center center","background-size":"auto","background-attachment":"scroll","background-type":"","background-media":"","overlay-type":"","overlay-color":"","overlay-opacity":"","overlay-gradient":""},"tablet":{"background-color":"","background-image":"","background-repeat":"repeat","background-position":"center center","background-size":"auto","background-attachment":"scroll","background-type":"","background-media":"","overlay-type":"","overlay-color":"","overlay-opacity":"","overlay-gradient":""},"mobile":{"background-color":"","background-image":"","background-repeat":"repeat","background-position":"center center","background-size":"auto","background-attachment":"scroll","background-type":"","background-media":"","overlay-type":"","overlay-color":"","overlay-opacity":"","overlay-gradient":""}},"ast-content-background-meta":{"desktop":{"background-color":"var(--ast-global-color-4)","background-image":"","background-repeat":"repeat","background-position":"center center","background-size":"auto","background-attachment":"scroll","background-type":"","background-media":"","overlay-type":"","overlay-color":"","overlay-opacity":"","overlay-gradient":""},"tablet":{"background-color":"var(--ast-global-color-4)","background-image":"","background-repeat":"repeat","background-position":"center center","background-size":"auto","background-attachment":"scroll","background-type":"","background-media":"","overlay-type":"","overlay-color":"","overlay-opacity":"","overlay-gradient":""},"mobile":{"background-color":"var(--ast-global-color-4)","background-image":"","background-repeat":"repeat","background-position":"center center","background-size":"auto","background-attachment":"scroll","background-type":"","background-media":"","overlay-type":"","overlay-color":"","overlay-opacity":"","overlay-gradient":""}},"footnotes":""},"class_list":["post-393","page","type-page","status-publish","hentry"],"_links":{"self":[{"href":"https:\/\/www.construteka.pe\/index.php?rest_route=\/wp\/v2\/pages\/393","targetHints":{"allow":["GET"]}}],"collection":[{"href":"https:\/\/www.construteka.pe\/index.php?rest_route=\/wp\/v2\/pages"}],"about":[{"href":"https:\/\/www.construteka.pe\/index.php?rest_route=\/wp\/v2\/types\/page"}],"author":[{"embeddable":true,"href":"https:\/\/www.construteka.pe\/index.php?rest_route=\/wp\/v2\/users\/1"}],"replies":[{"embeddable":true,"href":"https:\/\/www.construteka.pe\/index.php?rest_route=%2Fwp%2Fv2%2Fcomments&post=393"}],"version-history":[{"count":16,"href":"https:\/\/www.construteka.pe\/index.php?rest_route=\/wp\/v2\/pages\/393\/revisions"}],"predecessor-version":[{"id":430,"href":"https:\/\/www.construteka.pe\/index.php?rest_route=\/wp\/v2\/pages\/393\/revisions\/430"}],"wp:attachment":[{"href":"https:\/\/www.construteka.pe\/index.php?rest_route=%2Fwp%2Fv2%2Fmedia&parent=393"}],"curies":[{"name":"wp","href":"https:\/\/api.w.org\/{rel}","templated":true}]}}